{"id":6061,"date":"2026-02-23T23:38:21","date_gmt":"2026-02-23T23:38:21","guid":{"rendered":"https:\/\/storingo.tn\/?post_type=product&#038;p=6061"},"modified":"2026-02-23T23:38:23","modified_gmt":"2026-02-23T23:38:23","slug":"ensemble-fille-aiid-2026-tres-chic","status":"publish","type":"product","link":"https:\/\/storingo.tn\/?product=ensemble-fille-aiid-2026-tres-chic","title":{"rendered":"Ensemble fille Aiid 2026 &#038; tr\u00e9s chic"},"content":{"rendered":"<div dir=\"auto\">2 pi\u00e8ces chemise et pantalon djin de haute qualit\u00e9,parfait pour un look moderne et tr\u00e9s elegant<\/div>\n<div dir=\"auto\"><span class=\"html-span xexx8yu xyri2b x18d9i69 x1c1uobl x1hl2dhg x16tdsg8 x1vvkbs x3nfvp2 x1j61x8r x1fcty0u xdj266r xat24cr xm2jcoa x1mpyi22 xxymvpz xlup9mm x1kky2od\"><img decoding=\"async\" class=\"xz74otr x15mokao x1ga7v0g x16uus16 xbiv7yw\" src=\"https:\/\/static.xx.fbcdn.net\/images\/emoji.php\/v9\/t2d\/1\/16\/1f4cd.png\" alt=\"\ud83d\udccd\" width=\"16\" height=\"16\" \/><\/span>Age :4 6 8 10 12 14<\/div>\n","protected":false},"excerpt":{"rendered":"<p>2 pi\u00e8ces chemise et pantalon djin de haute qualit\u00e9,parfait pour un look moderne et tr\u00e9s elegant Age :4 6 8 10 12 14<\/p>\n","protected":false},"featured_media":6064,"comment_status":"open","ping_status":"closed","template":"","meta":[],"product_brand":[],"product_cat":[15],"product_tag":[],"class_list":{"0":"post-6061","1":"product","2":"type-product","3":"status-publish","4":"has-post-thumbnail","6":"product_cat-uncategorized","9":"instock","10":"shipping-taxable","11":"product-type-simple"},"_links":{"self":[{"href":"https:\/\/storingo.tn\/index.php?rest_route=\/wp\/v2\/product\/6061","targetHints":{"allow":["GET"]}}],"collection":[{"href":"https:\/\/storingo.tn\/index.php?rest_route=\/wp\/v2\/product"}],"about":[{"href":"https:\/\/storingo.tn\/index.php?rest_route=\/wp\/v2\/types\/product"}],"replies":[{"embeddable":true,"href":"https:\/\/storingo.tn\/index.php?rest_route=%2Fwp%2Fv2%2Fcomments&post=6061"}],"version-history":[{"count":0,"href":"https:\/\/storingo.tn\/index.php?rest_route=\/wp\/v2\/product\/6061\/revisions"}],"wp:featuredmedia":[{"embeddable":true,"href":"https:\/\/storingo.tn\/index.php?rest_route=\/wp\/v2\/media\/6064"}],"wp:attachment":[{"href":"https:\/\/storingo.tn\/index.php?rest_route=%2Fwp%2Fv2%2Fmedia&parent=6061"}],"wp:term":[{"taxonomy":"product_brand","embeddable":true,"href":"https:\/\/storingo.tn\/index.php?rest_route=%2Fwp%2Fv2%2Fproduct_brand&post=6061"},{"taxonomy":"product_cat","embeddable":true,"href":"https:\/\/storingo.tn\/index.php?rest_route=%2Fwp%2Fv2%2Fproduct_cat&post=6061"},{"taxonomy":"product_tag","embeddable":true,"href":"https:\/\/storingo.tn\/index.php?rest_route=%2Fwp%2Fv2%2Fproduct_tag&post=6061"}],"curies":[{"name":"wp","href":"https:\/\/api.w.org\/{rel}","templated":true}]}}